{"id":13,"date":"2010-09-23T11:58:39","date_gmt":"2010-09-23T09:58:39","guid":{"rendered":"http:\/\/youkies.fr\/blog"},"modified":"2023-03-08T19:05:11","modified_gmt":"2023-03-08T18:05:11","slug":"ou-ca-se-joue-nos-terrains","status":"publish","type":"page","link":"https:\/\/youkies.fr\/blog\/ou-ca-se-joue-nos-terrains","title":{"rendered":"O\u00f9 joue-t-on (terrains et horaires) ?"},"content":{"rendered":"\n<h4>Entrainement<\/h4>\n\n\n\n<p>La nouvelle entente des Kukies (Youkies &amp; Kudus) s&rsquo;entra\u00eene les Mardis soirs de 19h30 \u00e0 21h30 (rdv \u00e0 19h) au stade Pershing dans le bois de Vincennes. Terrain en herbe.<\/p>\n\n\n\n<p>Les Youkies s&rsquo;entra\u00eenent les Mercredis soirs de 20h00 \u00e0 22h00 au stade de l&rsquo;\u00cele de Puteaux.<\/p>\n\n\n\n<h4>Matchs de championnat<\/h4>\n\n\n\n<p>Les matchs du samedi lorsque l&rsquo;\u00e9quipe joue \u00e0 domicile se d\u00e9roulent sur les infrastructures du <strong>stade Pershing<\/strong> dans la plaine de jeu \u00ab Mortemart \u00bb au bois de Vincennes OU au Stade Carpentier \u00e0 Porte de Choisy dans le 13\u00e8me arrondissement. <strong>Ces matchs \u00e0 domicile ont lieu en r\u00e8gle g\u00e9n\u00e9rale \u00e0 11h30 si \u00e0 Pershing ou \u00e0 18h00 si \u00e0 Carpentier<\/strong>.&nbsp;<\/p>\n\n\n\n<p><a href=\"http:\/\/www.mappy.com\/mappymoi\/route?data_id=1531D88F-9CB9-4581-9273-9A58262CC559&amp;hint=2021\" hreflang=\"mappy\">Itin\u00e9raire Porte de Vincennes &#8211;&gt; Stade Pershing&nbsp;<\/a><\/p>\n\n\n\n<p><a href=\"http:\/\/www.boisdevincennes.com\/site\/plans.php3\" hreflang=\"fr\">Plans du bois de vincennes (le stade Pershing est sur le plan 1, au NE de l&rsquo;hippodrome)<\/a><\/p>\n\n\n\n<p>Pour <strong>les matchs \u00e0 l&rsquo;ext\u00e9rieur<\/strong>, qui se d\u00e9roulent tous \u00e0 proximit\u00e9 de Paris, ils ont lieu en g\u00e9n\u00e9ral <strong>le samedi matin ou en fin d&rsquo;apr\u00e8s midi<\/strong>.<\/p>\n","protected":false},"excerpt":{"rendered":"<p>Entrainement La nouvelle entente des Kukies (Youkies &amp; Kudus) s&rsquo;entra\u00eene les Mardis soirs de 19h30 \u00e0 21h30 (rdv \u00e0 19h) au stade Pershing dans le bois de Vincennes. Terrain en herbe. Les Youkies s&rsquo;entra\u00eenent les Mercredis soirs de 20h00 \u00e0 22h00 au stade de l&rsquo;\u00cele de Puteaux. Matchs de championnat Les matchs du samedi lorsque [&hellip;]<\/p>\n","protected":false},"author":1,"featured_media":0,"parent":0,"menu_order":3,"comment_status":"closed","ping_status":"open","template":"","meta":[],"_links":{"self":[{"href":"https:\/\/youkies.fr\/blog\/wp-json\/wp\/v2\/pages\/13"}],"collection":[{"href":"https:\/\/youkies.fr\/blog\/wp-json\/wp\/v2\/pages"}],"about":[{"href":"https:\/\/youkies.fr\/blog\/wp-json\/wp\/v2\/types\/page"}],"author":[{"embeddable":true,"href":"https:\/\/youkies.fr\/blog\/wp-json\/wp\/v2\/users\/1"}],"replies":[{"embeddable":true,"href":"https:\/\/youkies.fr\/blog\/wp-json\/wp\/v2\/comments?post=13"}],"version-history":[{"count":20,"href":"https:\/\/youkies.fr\/blog\/wp-json\/wp\/v2\/pages\/13\/revisions"}],"predecessor-version":[{"id":3237,"href":"https:\/\/youkies.fr\/blog\/wp-json\/wp\/v2\/pages\/13\/revisions\/3237"}],"wp:attachment":[{"href":"https:\/\/youkies.fr\/blog\/wp-json\/wp\/v2\/media?parent=13"}],"curies":[{"name":"wp","href":"https:\/\/api.w.org\/{rel}","templated":true}]}}