{"id":17,"date":"2010-09-23T12:00:06","date_gmt":"2010-09-23T10:00:06","guid":{"rendered":"http:\/\/youkies.fr\/blog"},"modified":"2021-10-11T23:08:56","modified_gmt":"2021-10-11T21:08:56","slug":"le-bureau","status":"publish","type":"page","link":"https:\/\/youkies.fr\/blog\/le-bureau","title":{"rendered":"Le bureau &#8211; Nous contacter"},"content":{"rendered":"<p>Pour contacter le bureau des youkies, \u00e9crire \u00e0 <strong>bureau-youkies@googlegroups.com<\/strong>.<br \/>\nPour passer un message sur le site ou pour toute info \u00e0 diffuser, \u00e9crire \u00e0 <strong>xv.youkies@gmail.com<\/strong>.<\/p>\n<p>Pr\u00e9sident\u00a0:<\/p>\n<ul>\n<li>Ronan Pocrad<\/li>\n<\/ul>\n<p>Secr\u00e9tariat + relations CIFR + terrains + arbitre :<\/p>\n<ul>\n<li>R\u00e9mi Cheymol<\/li>\n<li>Thomas Zahra<\/li>\n<\/ul>\n<p>Entraineur :<\/p>\n<ul>\n<li>Patxi Larrieu (manager g\u00e9n\u00e9ral)<\/li>\n<li>S\u00e9bastien Paysan (coach des avants)<\/li>\n<li>Ga\u00ebl Weidmann (pr\u00e9parateur physique)<\/li>\n<\/ul>\n<p>Mat\u00e9riel\u00a0:<\/p>\n<ul>\n<li>Jean-Luc Deschamps<\/li>\n<li>Martial Daycard<\/li>\n<li>Alexandre Noureux<\/li>\n<li>Thibault Lucari<\/li>\n<\/ul>\n<p>Licences\u00a0:<\/p>\n<ul>\n<li>Samuel Kunian<\/li>\n<li>Alexandre Dufeu<\/li>\n<li>Mathieu Cambon<\/li>\n<li>Ronan Pocard<\/li>\n<li>Aubin Lopez<\/li>\n<\/ul>\n<p>Casse-cro\u00fbte :<\/p>\n<ul>\n<li>Andr\u00e9as Philips<\/li>\n<li>Mathieu Geoffroy<\/li>\n<li>Mathieu Pauthe<\/li>\n<\/ul>\n<p>Comit\u00e9 des f\u00eates (festif, voyages, go\u00fbters)\u00a0:<\/p>\n<ul>\n<li>Martial Daycard<\/li>\n<li>Mathieu Cambon<\/li>\n<li>Alexandre Noureux<\/li>\n<li>Mathieu Pauthe<\/li>\n<li>Julien Isotton<\/li>\n<li>Yann Cordeau<\/li>\n<\/ul>\n<p>Communication :<\/p>\n<ul>\n<li>Ga\u00ebl Weidmann<\/li>\n<li>Paul Luis<\/li>\n<li>Mathieu Geffroy<\/li>\n<\/ul>\n<p>Partenariat:<\/p>\n<ul>\n<li>Damien Dupart<\/li>\n<li>Thibault Riv\u00e8re<\/li>\n<\/ul>\n","protected":false},"excerpt":{"rendered":"<p>Pour contacter le bureau des youkies, \u00e9crire \u00e0 bureau-youkies@googlegroups.com. Pour passer un message sur le site ou pour toute info \u00e0 diffuser, \u00e9crire \u00e0 xv.youkies@gmail.com. Pr\u00e9sident\u00a0: Ronan Pocrad Secr\u00e9tariat + relations CIFR + terrains + arbitre : R\u00e9mi Cheymol Thomas Zahra Entraineur : Patxi Larrieu (manager g\u00e9n\u00e9ral) S\u00e9bastien Paysan (coach des avants) Ga\u00ebl Weidmann (pr\u00e9parateur [&hellip;]<\/p>\n","protected":false},"author":1,"featured_media":0,"parent":0,"menu_order":5,"comment_status":"closed","ping_status":"open","template":"","meta":[],"_links":{"self":[{"href":"https:\/\/youkies.fr\/blog\/wp-json\/wp\/v2\/pages\/17"}],"collection":[{"href":"https:\/\/youkies.fr\/blog\/wp-json\/wp\/v2\/pages"}],"about":[{"href":"https:\/\/youkies.fr\/blog\/wp-json\/wp\/v2\/types\/page"}],"author":[{"embeddable":true,"href":"https:\/\/youkies.fr\/blog\/wp-json\/wp\/v2\/users\/1"}],"replies":[{"embeddable":true,"href":"https:\/\/youkies.fr\/blog\/wp-json\/wp\/v2\/comments?post=17"}],"version-history":[{"count":23,"href":"https:\/\/youkies.fr\/blog\/wp-json\/wp\/v2\/pages\/17\/revisions"}],"predecessor-version":[{"id":3196,"href":"https:\/\/youkies.fr\/blog\/wp-json\/wp\/v2\/pages\/17\/revisions\/3196"}],"wp:attachment":[{"href":"https:\/\/youkies.fr\/blog\/wp-json\/wp\/v2\/media?parent=17"}],"curies":[{"name":"wp","href":"https:\/\/api.w.org\/{rel}","templated":true}]}}