{"id":21,"date":"2010-09-23T12:01:21","date_gmt":"2010-09-23T10:01:21","guid":{"rendered":"http:\/\/youkies.fr\/blog"},"modified":"2010-09-23T19:02:08","modified_gmt":"2010-09-23T17:02:08","slug":"l-histoire-des-youkies","status":"publish","type":"page","link":"https:\/\/youkies.fr\/blog\/l-histoire-des-youkies","title":{"rendered":"L&rsquo;histoire des Youkies"},"content":{"rendered":"<p>Association Sportive Culturelle et d&rsquo;Entraide de l&rsquo;Equipement<\/p>\n<p>Administration Centrale<\/p>\n<h4>HISTOIRE<\/h4>\n<p><strong>\u00c9quipe de Rugby du Comit\u00e9 d\u2019\u00cele-de-France,<\/strong><\/p>\n<p>Notre \u00e9quipe est n\u00e9e en 1977 gr\u00e2ce \u00e0 quelques passionn\u00e9s de rugby, des agents du Minist\u00e8re de l\u2019\u00c9quipement \u00ab\u00a0expatri\u00e9s\u00a0\u00bb vers 1&rsquo;lle-de-France.<\/p>\n<p>Ces \u00ab\u00a0Parisiens\u00a0\u00bb, techniciens, ing\u00e9nieurs, de divers statuts et de toutes origines, la t\u00eate et les jambes tourn\u00e9es vers le soleil, r\u00eavaient. Et le soleil s&rsquo;est fait ovale.<\/p>\n<p>En 1995 la section rugby de l&rsquo;Association Sportive, Culturelle et d&rsquo;Entraide de l&rsquo;\u00c9quipement d&rsquo;Administration Centrale (ASCEE-AC) abandonnait la F.S.G.T. et rejoignait le giron de la F.F.R. au travers d&rsquo;une adh\u00e9sion \u00e0 la commission corporative du comit\u00e9 \u00cele-de-France en y engageant deux \u00e9quipes. Pour l\u2019\u00e9quipe I, apr\u00e8s 2 titres cons\u00e9cutifs de champion \u00cele-de-France F.F.R. corporatif en 3\u00e8me division en 1996 et en 2\u00e8me division en 1997, le club \u00e9volue depuis la saison 1997-1998 en 1\u00e8re division. Il a depuis obtenu par trois fois son objectif de participer aux phases finales du championnat de France (deux quarts de finale, et une demi-finale).<\/p>\n<p>En 1999, un rapprochement avec l&rsquo;ensemble des ASCEE d\u2019\u00cele-de-France est initi\u00e9 par l&rsquo;ASCEE-AC pour l&rsquo;activit\u00e9 rugby.<\/p>\n<p>Depuis sa cr\u00e9ation, l&rsquo;ASCEE-AC Rugby a connu une ascension r\u00e9guli\u00e8re. Et si l&rsquo;esprit sportif r\u00e8gne, l&rsquo;esprit festif n&rsquo;est pas en reste.<\/p>\n<p>Sur le plan extra-sportif, la section rugby de l&rsquo;ASCEE-AC a soutenu de 1995 \u00e0 1998, dans la mesure de ses moyens, l&rsquo;association Y ARRIVAREM de Surg\u00e8res (17) qui s&rsquo;occupe d&rsquo;enfants handicap\u00e9s.<\/p>\n<p><strong>25 ans d\u00e9j\u00e0 !<\/strong> Une telle long\u00e9vit\u00e9 est sans aucun doute due \u00e0 la transmission au fil des g\u00e9n\u00e9rations de valeurs simples, \u00e0 savoir\u00a0: rigueur dans l&rsquo;engagement sportif, et amiti\u00e9, avec en filigrane la convivialit\u00e9 qui caract\u00e9rise la plan\u00e8te Ovale. Valeurs qui devraient permettre \u00e0 l&rsquo;\u00e9quipe de continuer pendant encore fort longtemps \u00e0 \u00e9cumer les terrains de la r\u00e9gion parisienne, le samedi de septembre \u00e0 mai.<\/p>\n<h4>Impact Social<\/h4>\n<p>L&rsquo;ASCEE-AC accueille les bras ouverts toutes les bonnes volont\u00e9s. Il n&rsquo;y a aucun crit\u00e8re de s\u00e9lection. Joueurs confirm\u00e9s ou d\u00e9butants sont accept\u00e9s d\u00e8s lors qu&rsquo;ils s&rsquo;acquittent des frais d&rsquo;inscription et, surtout, qu&rsquo;ils respectent l&rsquo;\u00e9tat d&rsquo;esprit ambiant.<\/p>\n<p>Ainsi chaque ann\u00e9e, notamment \u00e0 partir de septembre, de nouveaux membres fra\u00eechement d\u00e9barqu\u00e9s sur les terres parisiennes se joignent au club. C&rsquo;est avant tout un premier point de rep\u00e8re social. En effet, le mode de recrutement du Minist\u00e8re a pour cons\u00e9quence de contraindre une partie consid\u00e9rable de ses fonctionnaires \u00e0 d\u00e9buter leur carri\u00e8re dans les d\u00e9partements de l&rsquo;\u00cele-de-France.<\/p>\n<p>Il y a plus de 20 ans que le club existe et qu&rsquo;il a pu compter parmi ses effectifs grand nombre de ses agents. Beaucoup y adh\u00e8rent, tr\u00e8s peu en sortent insatisfait\u00a0! Autour du ballon ovale, ils s&rsquo;\u00e9changent leurs exp\u00e9riences et se conseillent sur l&rsquo;int\u00e9gration dans la vie parisienne. De nouvelles amiti\u00e9s naissent renforc\u00e9es sans cesse par une entraide et une solidarit\u00e9, qui caract\u00e9risent si bien tous ses membres. Le rugby permet \u00e0 certains de s&rsquo;ext\u00e9rioriser et \u00e0 d&rsquo;autres de s&rsquo;affirmer. Anciens et nouveaux se retrouvent avant et pendant le sport pour partager leurs joies, leurs difficult\u00e9s, et leurs envies.<\/p>\n<p>Afin de toujours renforcer ce bel esprit amical et joyeux, le club propose chaque saison une participation \u00e0 des \u00e9v\u00e9nements\u00a0:<\/p>\n<p>\u00b7 Un stage sportif de pr\u00e9paration physique de d\u00e9but de saison o\u00f9 les nouvelles recrues peuvent ainsi faire connaissance avec leurs nouveaux co\u00e9quipiers.<\/p>\n<p>\u00b7 Le challenge national de Rugby organis\u00e9 tous les 2 ans par la FNASCEE.<\/p>\n<p>\u00b7 Une rencontre plus qu&rsquo;amicale contre les \u00c9cossais du club Inverleith dans la banlieue d&rsquo;\u00c9dimbourg \u00e0 l&rsquo;occasion du tournoi des VI nations (\u00e9changes chaque ann\u00e9e depuis 1996).<\/p>\n<p>\u00b7 Un d\u00e9placement en Grande-Bretagne pour un s\u00e9jour de 3 ou 4 jours, toujours dans le cadre du tournoi des VI nations (moyennant une participation des joueurs).<\/p>\n<p>Ainsi, donc et sans parler des 3\u00e8me mi-temps et des soir\u00e9es dignes d&rsquo;une grande \u00e9quipe de rugby, le club perp\u00e9tue des valeurs telles que solidarit\u00e9, amiti\u00e9, et plaisir, qui rendent chaque saison plus attrayante et plus forte.<\/p>\n<h4>Impact du club sur l&rsquo;image du Minist\u00e8re.<\/h4>\n<p>Le championnat \u00cele-de-France de rugby corporatif est, de plus, l&rsquo;occasion de faire se rencontrer les agents de notre Minist\u00e8re et les salari\u00e9s des structures et entreprises les plus importantes. Il s&rsquo;agit, entre autres, des administrations de la police, d&rsquo;Air France, de Citro\u00ebn, de la Banque de France, de C\u00e9g\u00e9lec, de Bouygues, de Dassault, etc. Sur le terrain, ces \u00e9quipes arborent fi\u00e8rement leurs couleurs.<\/p>\n<p>La saison derni\u00e8re, notre \u00e9quipe a r\u00e9ussi \u00e0 faire partie des 8 meilleures \u00e9quipes corporatives sur la soixantaine engag\u00e9e en Ile de France, et sur les huit pr\u00e9sentes sur le tableau final, du championnat de France. Ainsi, elle a pu d\u00e9montrer qu&rsquo;elle savait faire preuve de toutes les comp\u00e9tences n\u00e9cessaires pour atteindre les premi\u00e8res places, \u00e0 savoir travail, pers\u00e9v\u00e9rance, sens tactique et technique, performance physique et solidarit\u00e9. Ces qualit\u00e9s sont \u00e9galement reconnues au travers de la pr\u00e9sence de nombreux joueurs au sein des s\u00e9lections, ainsi que parmis les dirigeants, du comit\u00e9 Ile-de-France de rugby.<\/p>\n<p>L&rsquo;image de notre Minist\u00e8re est donc enrichie par ces valeurs apparaissant sur le terrain. Mieux, elles sont ressenties et respect\u00e9es par les adversaires et les spectateurs. Qui plus est, une \u00e9quipe performante traduit un r\u00e9el dynamisme de nos agents et donc de notre Minist\u00e8re. Il est donc important que cette \u00e9quipe \u00e9volue et se d\u00e9veloppe dans les meilleures conditions possibles.<\/p>\n","protected":false},"excerpt":{"rendered":"<p>Association Sportive Culturelle et d&rsquo;Entraide de l&rsquo;Equipement Administration Centrale HISTOIRE \u00c9quipe de Rugby du Comit\u00e9 d\u2019\u00cele-de-France, Notre \u00e9quipe est n\u00e9e en 1977 gr\u00e2ce \u00e0 quelques passionn\u00e9s de rugby, des agents du Minist\u00e8re de l\u2019\u00c9quipement \u00ab\u00a0expatri\u00e9s\u00a0\u00bb vers 1&rsquo;lle-de-France. Ces \u00ab\u00a0Parisiens\u00a0\u00bb, techniciens, ing\u00e9nieurs, de divers statuts et de toutes origines, la t\u00eate et les jambes tourn\u00e9es vers [&hellip;]<\/p>\n","protected":false},"author":1,"featured_media":0,"parent":0,"menu_order":1,"comment_status":"closed","ping_status":"open","template":"","meta":[],"_links":{"self":[{"href":"https:\/\/youkies.fr\/blog\/wp-json\/wp\/v2\/pages\/21"}],"collection":[{"href":"https:\/\/youkies.fr\/blog\/wp-json\/wp\/v2\/pages"}],"about":[{"href":"https:\/\/youkies.fr\/blog\/wp-json\/wp\/v2\/types\/page"}],"author":[{"embeddable":true,"href":"https:\/\/youkies.fr\/blog\/wp-json\/wp\/v2\/users\/1"}],"replies":[{"embeddable":true,"href":"https:\/\/youkies.fr\/blog\/wp-json\/wp\/v2\/comments?post=21"}],"version-history":[{"count":3,"href":"https:\/\/youkies.fr\/blog\/wp-json\/wp\/v2\/pages\/21\/revisions"}],"predecessor-version":[{"id":300,"href":"https:\/\/youkies.fr\/blog\/wp-json\/wp\/v2\/pages\/21\/revisions\/300"}],"wp:attachment":[{"href":"https:\/\/youkies.fr\/blog\/wp-json\/wp\/v2\/media?parent=21"}],"curies":[{"name":"wp","href":"https:\/\/api.w.org\/{rel}","templated":true}]}}