{"id":9,"date":"2010-09-23T11:57:08","date_gmt":"2010-09-23T09:57:08","guid":{"rendered":"http:\/\/youkies.fr\/blog"},"modified":"2019-10-24T22:50:33","modified_gmt":"2019-10-24T20:50:33","slug":"palmares","status":"publish","type":"page","link":"https:\/\/youkies.fr\/blog\/palmares","title":{"rendered":"Palmar\u00e8s"},"content":{"rendered":"<h3>Equipe Premi\u00e8re<\/h3>\n<p><strong>2018-2019:<\/strong><\/p>\n<ul>\n<li>10\u00e8me <strong>division 2 FFSE<\/strong><\/li>\n<\/ul>\n<p><strong>2017-2018:<\/strong><\/p>\n<ul>\n<li>Quart de finaliste <strong>division 2 FFSE<\/strong><\/li>\n<\/ul>\n<p><strong>2016-2017:<\/strong><\/p>\n<ul>\n<li><strong>Champion de division 3 FFSE<\/strong><\/li>\n<\/ul>\n<h4>2009-2010 :<\/h4>\n<ul>\n<li><strong>3\u00e8me du championnat Ile-de-France 1\u00e8re division clubs du samedi<\/strong> &#8211; \u00e9limin\u00e9s en \u00bd finale par les futurs vainqueurs<\/li>\n<li><strong>Champion des clubs du samedi \u00e0 VII<\/strong> &#8211; Tournoi CIFR <em>\u00ab\u00a07 sur Seine\u00a0\u00bb<\/em> du 19 juin 2010<\/li>\n<\/ul>\n<h4>2008-2009 :<\/h4>\n<ul>\n<li>Champion Ile-de-France 2\u00e8me division Corporatif (accession en 1\u00e8re division)<\/li>\n<li>(13 matchs jou\u00e9s, 12 victoires, 1 d\u00e9faite \/ 3 matchs jou\u00e9s en phase finale, 3 victoires)<\/li>\n<\/ul>\n<h4>2007-2008 :<\/h4>\n<ul>\n<li>3e sur 14 du championnat Ile-de-France Corporatif 2e division<\/li>\n<li>(13 matchs jou\u00e9s, 9 victoires, 1 nul, 3 d\u00e9faites)<\/li>\n<\/ul>\n<h4>2006-2007 :<\/h4>\n<ul>\n<li>9e sur 20 du championnat Ile-de-France Corporatif 2e division<\/li>\n<li>(19 matchs jou\u00e9s, 9 victoires, 9 d\u00e9faites)<\/li>\n<\/ul>\n<h4>2005-2006 :<\/h4>\n<ul>\n<li>dans les derniers du championnat Ile-de-France Corporatif 1e division<\/li>\n<li>re-descente en 2e division<\/li>\n<li>(12 matchs, 3 victoires, 9 d\u00e9faites)<\/li>\n<\/ul>\n<h4>2004-2005 :<\/h4>\n<ul>\n<li>1er du championnat Ile-de-France Corporatif 2e division (remont\u00e9e en 1\u00e8re division)<\/li>\n<li>\u00bd finaliste du championnat Ile-de-France Corporatif 2e division<\/li>\n<\/ul>\n<h4>2004-2005 :<\/h4>\n<ul>\n<li>1er du championnat Ile-de-France Corporatif 2e division (remont\u00e9e en 1\u00e8re division)<\/li>\n<li>\u00bd finaliste du championnat Ile-de-France Corporatif 2e division<\/li>\n<\/ul>\n<h4>2003-2004 :<\/h4>\n<ul>\n<li>dans les 3 derniers du championnat Ile-de-France Corporatif 1\u00e8re division (descente en 2\u00e8me division)<\/li>\n<\/ul>\n<h4>2002-2003 :<\/h4>\n<ul>\n<li>9\u00e8me du championnat Ile-de-France Corporatif<\/li>\n<\/ul>\n<h4>2001-2002 :<\/h4>\n<ul>\n<li>\u00bc de finaliste du championnat Ile-de-France Corporatif<\/li>\n<\/ul>\n<h4>2000-2001 :<\/h4>\n<ul>\n<li>\u00bc de finaliste du championnat Ile-de-France Corporatif<\/li>\n<\/ul>\n<h4>1999-2000 :<\/h4>\n<ul>\n<li>\u00bc de finaliste du championnat de France Corporatif<\/li>\n<li>Finaliste du championnat Ile-de-France Corporatif<\/li>\n<\/ul>\n<h4>1998-1999 :<\/h4>\n<ul>\n<li>\u00bd finaliste du championnat de France Corporatif<\/li>\n<li>\u00bd finaliste du championnat Ile-de-France Corporatif<\/li>\n<\/ul>\n<h4>1997-1998 :<\/h4>\n<ul>\n<li>\u00bc de finaliste du championnat de France Corporatif<\/li>\n<li>\u00bd finaliste du championnat Ile-de-France Corporatif<\/li>\n<li>Vainqueur de la coupe de l&rsquo;amiti\u00e9<\/li>\n<\/ul>\n<h4>1996-1997 :<\/h4>\n<ul>\n<li>Champion Ile-de-France 2\u00e8me division Corporatif (accession en 1\u00e8re division)<\/li>\n<li>\u00bd finaliste du challenge inter ASCEE national<\/li>\n<\/ul>\n<h4>1995-1996 :<\/h4>\n<ul>\n<li>Champion Ile-de-France 3\u00e8me division Corporatif (accession en 2\u00e8me division)<\/li>\n<li>Finaliste de la coupe des r\u00e9serves<\/li>\n<\/ul>\n<h4>1995 :<\/h4>\n<ul>\n<li>Inscription en championnat FFR apr\u00e8s 10 ans pass\u00e9 en championnat F.S.G.T.<\/li>\n<\/ul>\n<h3>Equipe R\u00e9serve<\/h3>\n<h4>2008-2009 :<\/h4>\n<ul>\n<li>7e du championnat Ile-de-France Corporatif 3e division (sur 9 \u00e9quipes)<\/li>\n<li>(7 matchs jou\u00e9s, 2 victoires, 5 d\u00e9faites)<\/li>\n<\/ul>\n<h4>2007-2008 :<\/h4>\n<ul>\n<li>grand retour de l&rsquo;\u00e9quipe 2, qui finit cependant bonne derni\u00e8re!<\/li>\n<li>(12 matchs jou\u00e9s, 2 victoires, 9 d\u00e9faites dont 1 forfait)<\/li>\n<\/ul>\n<h4>2005-2007 :<\/h4>\n<ul>\n<li>l&rsquo;\u00e9quipe 2 est mise en veille.<\/li>\n<\/ul>\n<h4>2003-2005 :<\/h4>\n<ul>\n<li>l&rsquo;\u00e9quipe 2 effectue ses saisons dans la douleur car l&rsquo;effectif est r\u00e9duit.<\/li>\n<\/ul>\n<h4>2002-2003 :<\/h4>\n<ul>\n<li>\u00bc de finaliste du Championnat Ile-de-France Corporatif<\/li>\n<li>Vainqueur de la coupe des r\u00e9serves<\/li>\n<\/ul>\n<h4>2001-2002 :<\/h4>\n<ul>\n<li>\u00bc de finaliste du championnat Ile-de-France Corporatif<\/li>\n<\/ul>\n<h4>2000-2001 :<\/h4>\n<ul>\n<li>\u00bc de finaliste du championnat de France Corporatif<\/li>\n<li>\u00bd finaliste du Championnat Ile-de-France Corporatif<\/li>\n<\/ul>\n<h4>1999-2000 :<\/h4>\n<ul>\n<li>\u00bc de finaliste du championnat de France Corporatif<\/li>\n<li>\u00bd finaliste du Championnat Ile-de-France Corporatif<\/li>\n<li>Finaliste de la coupe des r\u00e9serves<\/li>\n<\/ul>\n<h4>1997-1998 :<\/h4>\n<ul>\n<li>Finaliste de la coupe des r\u00e9serves<\/li>\n<\/ul>\n<h4>1996-1997 :<\/h4>\n<ul>\n<li>\u00bc de finaliste du championnat de France Corporatif<\/li>\n<\/ul>\n<h3>Challenge National inter ASCEE<\/h3>\n<h4>2005 :<\/h4>\n<ul>\n<li>Quatri\u00e8me au xx\u00e8me tournoi \u00e0 Bordeaux (33)<\/li>\n<\/ul>\n<h4>1999 :<\/h4>\n<ul>\n<li>Quatri\u00e8me au 10\u00e8me tournoi \u00e0 Hossegor (40)<\/li>\n<\/ul>\n<h4>1997 :<\/h4>\n<ul>\n<li>Troisi\u00e8me au 9\u00e8me tournoi \u00e0 Tarbes (65)<\/li>\n<\/ul>\n","protected":false},"excerpt":{"rendered":"<p>Equipe Premi\u00e8re 2018-2019: 10\u00e8me division 2 FFSE 2017-2018: Quart de finaliste division 2 FFSE 2016-2017: Champion de division 3 FFSE 2009-2010 : 3\u00e8me du championnat Ile-de-France 1\u00e8re division clubs du samedi &#8211; \u00e9limin\u00e9s en \u00bd finale par les futurs vainqueurs Champion des clubs du samedi \u00e0 VII &#8211; Tournoi CIFR \u00ab\u00a07 sur Seine\u00a0\u00bb du 19 [&hellip;]<\/p>\n","protected":false},"author":1,"featured_media":0,"parent":0,"menu_order":2,"comment_status":"closed","ping_status":"open","template":"","meta":[],"_links":{"self":[{"href":"https:\/\/youkies.fr\/blog\/wp-json\/wp\/v2\/pages\/9"}],"collection":[{"href":"https:\/\/youkies.fr\/blog\/wp-json\/wp\/v2\/pages"}],"about":[{"href":"https:\/\/youkies.fr\/blog\/wp-json\/wp\/v2\/types\/page"}],"author":[{"embeddable":true,"href":"https:\/\/youkies.fr\/blog\/wp-json\/wp\/v2\/users\/1"}],"replies":[{"embeddable":true,"href":"https:\/\/youkies.fr\/blog\/wp-json\/wp\/v2\/comments?post=9"}],"version-history":[{"count":6,"href":"https:\/\/youkies.fr\/blog\/wp-json\/wp\/v2\/pages\/9\/revisions"}],"predecessor-version":[{"id":3114,"href":"https:\/\/youkies.fr\/blog\/wp-json\/wp\/v2\/pages\/9\/revisions\/3114"}],"wp:attachment":[{"href":"https:\/\/youkies.fr\/blog\/wp-json\/wp\/v2\/media?parent=9"}],"curies":[{"name":"wp","href":"https:\/\/api.w.org\/{rel}","templated":true}]}}